{"id":5,"date":"2013-11-27T20:58:46","date_gmt":"2013-11-27T20:58:46","guid":{"rendered":"http:\/\/waterlat.org\/pt\/?page_id=5"},"modified":"2017-03-12T15:01:06","modified_gmt":"2017-03-12T15:01:06","slug":"encontros","status":"publish","type":"page","link":"https:\/\/waterlat.org\/pt\/encontros\/","title":{"rendered":"Encontros"},"content":{"rendered":"<p>A Rede organiza regularmente uma reuni\u00e3o internacional, que inclui uma reuni\u00e3o interna para asuntos organizativos. Adicionalmente, tamb\u00e9m organizamos outros encontros p\u00fablicos tais como confer\u00eancias internacionais, oficinas, semin\u00e1rios e eventos similares. Desde 2012, a organiza\u00e7\u00e3o destes encontros se financia com apoio de diversas institui\u00e7\u00f5es e por meio do esfor\u00e7o coletivo dos membros. Veja a <a href=\"https:\/\/waterlat.org\/pt\/about\/apoios\/\">lista de institui\u00e7\u00f5es que t\u00eam apoiado as atividades da Rede<\/a>.<\/p>\n<p>&nbsp;<\/p>\n<h3>Objetivo e estrutura das reuni\u00f5es internacionais da Rede WATERLAT-GOBACIT<\/h3>\n<p>O objetivo geral das reuni\u00f5es internacionais consiste em prover um ponto de encontro regular para os membros da Rede WATERLAT-GOBACIT donde discutir projetos de pesquisa, doc\u00eancia, interven\u00e7\u00e3o, e outras quest\u00f5es relevantes ao tema da rede: o estudo dos processos pol\u00edticos, sociais, culturais, econ\u00f3micos, tecno-infrastructurais, administrativos, de pol\u00edticas p\u00fablicas, de sa\u00fade, entre outros, que caracterizam o governo e a gest\u00e3o da \u00e1gua e dos servi\u00e7os baseados no uso da \u00e1gua.<\/p>\n<p>Nossas reuni\u00f5es, como o resto das atividades, est\u00e3o norteadas pelos <a href=\"https:\/\/waterlat.org\/pt\/about\/objetivos\/\">objetivos<\/a> e as <a href=\"https:\/\/waterlat.org\/pt\/about\/prioridades\/\">prioridades de pesquisa<\/a> da Rede, as quais definimos coletivamente na Reuni\u00e3o que teve lugar em Barcelona, em 2009. Estes objetivos e prioridades s\u00e3o suficientemente amplos e flex\u00edveis como para permitir um di\u00e1logo entre distintos enfoques, marcos te\u00f3ricos, problemas de pesquisa e a\u00e7\u00e3o, e realidades emp\u00edricas diversas. Pero ao mesmo tempo, os objetivos e as prioridades demarcam claramente um campo de problemas e uma orienta\u00e7\u00e3o cr\u00edtica do status quo. Nossa rede enfoca estas quest\u00f5es desde a perspectiva da ecologia pol\u00edtica, num sentido amplio, inter- e transdisciplinar.<\/p>\n<p>Com motivo da reuni\u00e3o regular de membros da Rede, que sup\u00f5e o traslado de pessoas desde distintas regi\u00f5es e pa\u00edses, tratamos de combinar as atividades internas da Rede WATERLAT-GOBACIT com atividades abertas ao p\u00fablico, com o objeto de compartilhar experi\u00eancias e conhecimentos com uma diversidade de atores locais. Por essa ra\u00e7\u00e3o parte de nossas reuni\u00f5es regulares toma a forma de um evento aberto, com participa\u00e7\u00e3o de acad\u00e9micos, representantes do setor p\u00fablico e da sociedade civil, assim como tamb\u00e9m do p\u00fablico interessado em general. Detalhes e informa\u00e7\u00e3o de reuni\u00f5es previas da Rede podem consultar-se nesta p\u00e1gina. A partir dos trabalhos apresentados em nossas reuni\u00f5es e outras atividades da Rede, produzimos uma s\u00e9rie de publica\u00e7\u00f5es, que incluem livros, n\u00fameros especiais en revistas acad\u00e9micas, cadernos de trabalho, etc. Visite nossa p\u00e1gina de <a href=\"https:\/\/waterlat.org\/pt\/publicacoes\/\">Publica\u00e7\u00f5es<\/a>.<\/p>\n<p>WATERLAT-GOBACIT \u00e9 uma Rede com forte peso acad\u00e9mico-cient\u00edfico, mais seus membros incluem atores procedentes de diversas atividades, de organismos p\u00fablicos, organiza\u00e7\u00f5es civis, movimentos sociais, entre outros. Por essa raz\u00e3o nossos encontros n\u00e3o tem normalmente o formato convencional das reuni\u00f5es acad\u00e9mico-cient\u00edficas, como congressos o conferencias, porque buscamos integrar diversas formas de participa\u00e7\u00e3o, que podem incluir confer\u00eancias e sess\u00f5es de papers convencionais, pero que d\u00e3o maior \u00eanfase a formatos participativos, como mesas redondas com atores de diversos sectores, sess\u00f5es plen\u00e1rias com ampla participa\u00e7\u00e3o da audi\u00eancia, conversatorios p\u00fablicos, oficinas dedicadas a produzir resultados tang\u00edveis, como projetos de pesquisa ou de interven\u00e7\u00e3o pr\u00e1tica, estrat\u00e9gias educativas, ve\u00edculos de difus\u00e3o de informa\u00e7\u00e3o, etc. Tamb\u00e9m realizamos breves entrevistas em v\u00eddeo com alguns participantes que representam pontos de vista, sectores, e interesses diversos, e posteriormente os difundimos a trav\u00e9s de nossa p\u00e1gina de <a href=\"https:\/\/waterlat.org\/pt\/comunicacao-publica\/\">Comunica\u00e7\u00e3o P\u00fablica<\/a>.<\/p>\n<p>&nbsp;<\/p>\n<p>&nbsp;<\/p>\n<h3><a title=\"Encontros P\u00fablicos\" href=\"https:\/\/waterlat.org\/pt\/encontros\/encontros-abertos\/\">Encontros P\u00fablicos Regulares e Especiais<\/a><\/h3>\n<h3><a title=\"Encontros Internos\" href=\"https:\/\/waterlat.org\/pt\/encontros\/internal\/\">Encontros Internos<\/a><\/h3>\n","protected":false},"excerpt":{"rendered":"<p>A Rede organiza regularmente uma reuni\u00e3o internacional, que inclui uma reuni\u00e3o interna para asuntos organizativos. Adicionalmente, tamb\u00e9m organizamos outros encontros p\u00fablicos tais como confer\u00eancias internacionais, oficinas, semin\u00e1rios e eventos similares. Desde 2012, a organiza\u00e7\u00e3o destes encontros se financia com apoio de diversas institui\u00e7\u00f5es e por meio do esfor\u00e7o coletivo dos membros. Veja a lista de [&hellip;]<\/p>\n","protected":false},"author":1,"featured_media":0,"parent":0,"menu_order":0,"comment_status":"closed","ping_status":"closed","template":"page-templates\/full-width.php","meta":{"_acf_changed":false,"footnotes":""},"class_list":["post-5","page","type-page","status-publish","hentry","wpautop"],"acf":[],"_links":{"self":[{"href":"https:\/\/waterlat.org\/pt\/wp-json\/wp\/v2\/pages\/5","targetHints":{"allow":["GET"]}}],"collection":[{"href":"https:\/\/waterlat.org\/pt\/wp-json\/wp\/v2\/pages"}],"about":[{"href":"https:\/\/waterlat.org\/pt\/wp-json\/wp\/v2\/types\/page"}],"author":[{"embeddable":true,"href":"https:\/\/waterlat.org\/pt\/wp-json\/wp\/v2\/users\/1"}],"replies":[{"embeddable":true,"href":"https:\/\/waterlat.org\/pt\/wp-json\/wp\/v2\/comments?post=5"}],"version-history":[{"count":7,"href":"https:\/\/waterlat.org\/pt\/wp-json\/wp\/v2\/pages\/5\/revisions"}],"predecessor-version":[{"id":1938,"href":"https:\/\/waterlat.org\/pt\/wp-json\/wp\/v2\/pages\/5\/revisions\/1938"}],"wp:attachment":[{"href":"https:\/\/waterlat.org\/pt\/wp-json\/wp\/v2\/media?parent=5"}],"curies":[{"name":"wp","href":"https:\/\/api.w.org\/{rel}","templated":true}]}}