{"id":6,"date":"2013-11-27T20:58:46","date_gmt":"2013-11-27T20:58:46","guid":{"rendered":"http:\/\/waterlat.org\/pt\/?page_id=6"},"modified":"2020-06-06T23:03:04","modified_gmt":"2020-06-06T23:03:04","slug":"projetos","status":"publish","type":"page","link":"https:\/\/waterlat.org\/pt\/projetos\/","title":{"rendered":"Projetos"},"content":{"rendered":"<p>&nbsp;<\/p>\n<h2>Nesta se\u00e7\u00e3o, apresentamos nossos projetos ligados \u00e0 pesquisa, redes e outras actividades<\/h2>\n<p>&nbsp;<\/p>\n<h3><a title=\"ISP\" href=\"https:\/\/waterlat.org\/pt\/projetos\/acordo-de-cooperacao-com-a-isp\/\">Acordo de Coopera\u00e7\u00e3o em temas de interesse comum com a Internacional de Servi\u00e7os P\u00fablicos (ISP)<\/a><\/h3>\n<p>&nbsp;<\/p>\n<hr>\n<p>&nbsp;<\/p>\n<h3><a title=\"DESAFIO\" href=\"https:\/\/waterlat.org\/pt\/projetos\/desafio\/\">Democratiza\u00e7\u00e3o da Governan\u00e7a dos Servi\u00e7os de \u00c1gua e Esgotos por Meio de Inova\u00e7\u00f5es Sociot\u00e9cnicas (DESAFIO)<\/a><\/h3>\n<p>&nbsp;<\/p>\n<hr>\n<p>&nbsp;<\/p>\n<h3><a title=\"PRINWASS\" href=\"https:\/\/waterlat.org\/pt\/projetos\/prinwass\/\">Barreiras e Condi\u00e7\u00f5es para a Participa\u00e7\u00e3o da Empresa e o Capital Privados nos Servi\u00e7os de Saneamento em Latino Am\u00e9rica e \u00c1frica: A Procura da Sustentabilidade Econ\u00f4mica, Social, e Ambiental (PRINWASS)<\/a><\/h3>\n<p>&nbsp;<\/p>\n<hr>\n<p>&nbsp;<\/p>\n<h3><a title=\"LANACE\" href=\"https:\/\/waterlat.org\/pt\/projetos\/lanace\/\">Rede Latino-americana de Colabora\u00e7\u00e3o e Interc\u00e2mbio Acad\u00eamico para o Estudo sobre a Gest\u00e3o da \u00c1gua (LANACE)<\/a><\/h3>\n<p>&nbsp;<\/p>\n<hr>\n<p>&nbsp;<\/p>\n<h3><a title=\"UrbanRain\" href=\"https:\/\/waterlat.org\/pt\/projetos\/UrbanRain\/\">Capta\u00e7\u00e3o Urbana de \u00c1guas Pluviais, de Experi\u00eancias Focais a Implementa\u00e7\u00e3o Generalizada: Desafios e Oportunidades para o Planejamento (UrbanRain)<\/a><\/h3>\n<p>&nbsp;<\/p>\n<hr>\n<p>&nbsp;<\/p>\n<h3><a title=\"ZICATESOC\" href=\"https:\/\/waterlat.org\/pt\/projetos\/zikatecsoc\/\">Tecnologias Sociais e Educa\u00e7\u00e3o Ambiental para o Controle Vetorial de Arboviroses: Promovendo a Sa\u00fade e a Qualidade de Vida no Semi\u00e1rido Paraibano (2016-2019), Brasil (ZIKATECSOC<\/a>)<\/h3>\n<p>&nbsp;<\/p>\n","protected":false},"excerpt":{"rendered":"<p>&nbsp; Nesta se\u00e7\u00e3o, apresentamos nossos projetos ligados \u00e0 pesquisa, redes e outras actividades &nbsp; Acordo de Coopera\u00e7\u00e3o em temas de interesse comum com a Internacional de Servi\u00e7os P\u00fablicos (ISP) &nbsp; &nbsp; Democratiza\u00e7\u00e3o da Governan\u00e7a dos Servi\u00e7os de \u00c1gua e Esgotos por Meio de Inova\u00e7\u00f5es Sociot\u00e9cnicas (DESAFIO) &nbsp; &nbsp; Barreiras e Condi\u00e7\u00f5es para a Participa\u00e7\u00e3o da [&hellip;]<\/p>\n","protected":false},"author":1,"featured_media":0,"parent":0,"menu_order":0,"comment_status":"closed","ping_status":"open","template":"page-templates\/full-width.php","meta":{"_acf_changed":false,"footnotes":""},"class_list":["post-6","page","type-page","status-publish","hentry","wpautop"],"acf":[],"_links":{"self":[{"href":"https:\/\/waterlat.org\/pt\/wp-json\/wp\/v2\/pages\/6","targetHints":{"allow":["GET"]}}],"collection":[{"href":"https:\/\/waterlat.org\/pt\/wp-json\/wp\/v2\/pages"}],"about":[{"href":"https:\/\/waterlat.org\/pt\/wp-json\/wp\/v2\/types\/page"}],"author":[{"embeddable":true,"href":"https:\/\/waterlat.org\/pt\/wp-json\/wp\/v2\/users\/1"}],"replies":[{"embeddable":true,"href":"https:\/\/waterlat.org\/pt\/wp-json\/wp\/v2\/comments?post=6"}],"version-history":[{"count":10,"href":"https:\/\/waterlat.org\/pt\/wp-json\/wp\/v2\/pages\/6\/revisions"}],"predecessor-version":[{"id":3086,"href":"https:\/\/waterlat.org\/pt\/wp-json\/wp\/v2\/pages\/6\/revisions\/3086"}],"wp:attachment":[{"href":"https:\/\/waterlat.org\/pt\/wp-json\/wp\/v2\/media?parent=6"}],"curies":[{"name":"wp","href":"https:\/\/api.w.org\/{rel}","templated":true}]}}