{"id":7,"date":"2013-11-27T20:58:46","date_gmt":"2013-11-27T20:58:46","guid":{"rendered":"http:\/\/waterlat.org\/pt\/?page_id=7"},"modified":"2017-06-23T18:25:52","modified_gmt":"2017-06-23T18:25:52","slug":"publicacoes","status":"publish","type":"page","link":"https:\/\/waterlat.org\/pt\/publicacoes\/","title":{"rendered":"Publica\u00e7\u00f5es"},"content":{"rendered":"<p>Nesta se\u00e7\u00e3o inclu\u00edmos publica\u00e7\u00f5es acad\u00e9micas oficiais da Rede WATERLAT-GOBACIT. A <a href=\"https:\/\/waterlat.org\/pt\/publicacoes\/comissao-de-publicacoes\/\">Comiss\u00e3o Editorial<\/a> da Rede supervisa a produ\u00e7\u00e3o de estas publica\u00e7\u00f5es.<\/p>\n<p>Nossas publica\u00e7\u00f5es est\u00e3o dispon\u00edveis tamb\u00e9m na <a href=\"https:\/\/sandbox.zenodo.org\/communities\/waterlat-gobacit\/\">Comunidade Zenodo da Rede WATERLAT-GOBACIT<\/a>.<\/p>\n<p>&nbsp;<\/p>\n<p><strong>Publica\u00e7\u00f5es oficiais da Rede WATERLAT-GOBACIT<\/strong><\/p>\n<p><a href=\"https:\/\/waterlat.org\/pt\/publicacoes\/working-papers-series\/\"><span style=\"color: #0563c1;\">Cadernos de Trabalho WATERLAT-GOBACIT<\/span><\/a><\/p>\n<p><a href=\"https:\/\/waterlat.org\/pt\/publicacoes\/livros\/\"><span style=\"color: #0563c1;\">Livros<\/span><\/a><\/p>\n<p><a href=\"https:\/\/waterlat.org\/pt\/publicacoes\/capitulos-em-livros\/\"><span style=\"color: #0563c1;\">Cap\u00edtulos em livros<\/span><\/a><\/p>\n<p><a href=\"https:\/\/waterlat.org\/pt\/publicacoes\/edicoes-especiais-em-revistas-cientificas\/\"><span style=\"color: #0563c1;\">Edi\u00e7\u00f5es especiais em outros jornais<\/span><\/a><\/p>\n<p><a href=\"https:\/\/waterlat.org\/pt\/publicacoes\/coletaneas-de-ponencias-de-encontros\/\"><span style=\"color: #0563c1;\">Colet\u00e2neas de Ponencias de Encontros<\/span><\/a><\/p>\n<p><a title=\"Pr\u00eamio WATERLAT para Estudantes\" href=\"https:\/\/waterlat.org\/pt\/publicacoes\/waterlat-student-prize\/\">Pr\u00eamio WATERLAT-GOBACIT para Estudantes<\/a><\/p>\n<p><a href=\"https:\/\/waterlat.org\/pt\/informes-de-politica-publica\/\">Informes de Pol\u00edtica P\u00fablica<\/a><\/p>\n<p><a href=\"https:\/\/waterlat.org\/pt\/publicacoes\/artigos\/\">S\u00e9rie de mini-artigos publicados pelo IPEA, Brasil<\/a><\/p>\n<p><a href=\"https:\/\/waterlat.org\/pt\/publicacoes\/outras-publicacoes\/\">Outras publica\u00e7\u00f5es<\/a><\/p>\n<p>&nbsp;<\/p>\n<p>Veja tamb\u00e9m <a href=\"https:\/\/waterlat.org\/pt\/comunicacao-publica\/\">Comunica\u00e7\u00e3o P\u00fablica<\/a>.<\/p>\n","protected":false},"excerpt":{"rendered":"<p>Nesta se\u00e7\u00e3o inclu\u00edmos publica\u00e7\u00f5es acad\u00e9micas oficiais da Rede WATERLAT-GOBACIT. A Comiss\u00e3o Editorial da Rede supervisa a produ\u00e7\u00e3o de estas publica\u00e7\u00f5es. Nossas publica\u00e7\u00f5es est\u00e3o dispon\u00edveis tamb\u00e9m na Comunidade Zenodo da Rede WATERLAT-GOBACIT. &nbsp; Publica\u00e7\u00f5es oficiais da Rede WATERLAT-GOBACIT Cadernos de Trabalho WATERLAT-GOBACIT Livros Cap\u00edtulos em livros Edi\u00e7\u00f5es especiais em outros jornais Colet\u00e2neas de Ponencias de Encontros [&hellip;]<\/p>\n","protected":false},"author":1,"featured_media":0,"parent":0,"menu_order":0,"comment_status":"closed","ping_status":"open","template":"page-templates\/full-width.php","meta":{"_acf_changed":false,"footnotes":""},"class_list":["post-7","page","type-page","status-publish","hentry","wpautop"],"acf":[],"_links":{"self":[{"href":"https:\/\/waterlat.org\/pt\/wp-json\/wp\/v2\/pages\/7","targetHints":{"allow":["GET"]}}],"collection":[{"href":"https:\/\/waterlat.org\/pt\/wp-json\/wp\/v2\/pages"}],"about":[{"href":"https:\/\/waterlat.org\/pt\/wp-json\/wp\/v2\/types\/page"}],"author":[{"embeddable":true,"href":"https:\/\/waterlat.org\/pt\/wp-json\/wp\/v2\/users\/1"}],"replies":[{"embeddable":true,"href":"https:\/\/waterlat.org\/pt\/wp-json\/wp\/v2\/comments?post=7"}],"version-history":[{"count":16,"href":"https:\/\/waterlat.org\/pt\/wp-json\/wp\/v2\/pages\/7\/revisions"}],"predecessor-version":[{"id":2178,"href":"https:\/\/waterlat.org\/pt\/wp-json\/wp\/v2\/pages\/7\/revisions\/2178"}],"wp:attachment":[{"href":"https:\/\/waterlat.org\/pt\/wp-json\/wp\/v2\/media?parent=7"}],"curies":[{"name":"wp","href":"https:\/\/api.w.org\/{rel}","templated":true}]}}