{"id":8,"date":"2013-11-27T20:58:46","date_gmt":"2013-11-27T20:58:46","guid":{"rendered":"http:\/\/waterlat.org\/pt\/?page_id=8"},"modified":"2017-05-08T18:56:34","modified_gmt":"2017-05-08T18:56:34","slug":"comunicacao-publica-old","status":"publish","type":"page","link":"https:\/\/waterlat.org\/pt\/comunicacao-publica-old\/","title":{"rendered":"Comunica\u00e7\u00e3o P\u00fablica Old"},"content":{"rendered":"<p>Esta se\u00e7\u00e3o \u00e9 dedicada a v\u00e1rias formas de divulga\u00e7\u00e3o e comunica\u00e7\u00e3o com o p\u00fablico, em v\u00e1rios idiomas. Inclui publica\u00e7\u00f5es para o publico geral, entrevistas com membros da rede WATERLAT-GOBACIT, v\u00eddeos de confer\u00eancias e reuni\u00f5es da rede e entrevistas com os participantes, entre outros temas.<em> <\/em><\/p>\n<p>&nbsp;<\/p>\n<h2>Uma amostra de nossos v\u00eddeos<\/h2>\n<p>Entre <a title=\"Interviews\" href=\"https:\/\/waterlat.org\/pt\/comunicacao-publica\/entrevistas\/ \">aqu\u00ed na p\u00e1gina de amostra<\/a>.<\/p>\n<p>Visite\u00a0o nosso\u00a0<a href=\"http:\/\/www.youtube.com\/user\/Waterlat\">canal WATERLAT-GOBACIT em YouTube<\/a>.<\/p>\n<p>&nbsp;<\/p>\n<h2>Visite nossas galerias de fotos no Flickr<\/h2>\n<p><object style=\"width: 624px; height: 384px;\" width=\"400\" height=\"300\" classid=\"clsid:d27cdb6e-ae6d-11cf-96b8-444553540000\" codebase=\"http:\/\/download.macromedia.com\/pub\/shockwave\/cabs\/flash\/swflash.cab#version=6,0,40,0\"><param name=\"flashvars\" value=\"offsite=true&amp;lang=en-us&amp;page_show_url=%2Fphotos%2F125391306%40N03%2Fshow%2F&amp;page_show_back_url=%2Fphotos%2F125391306%40N03%2F&amp;user_id=125391306@N03&amp;jump_to=\" \/><param name=\"allowFullScreen\" value=\"true\" \/><param name=\"src\" value=\"https:\/\/www.flickr.com\/apps\/slideshow\/show.swf?v=143270\" \/><param name=\"allowfullscreen\" value=\"true\" \/><embed style=\"width: 624px; height: 384px;\" width=\"400\" height=\"300\" type=\"application\/x-shockwave-flash\" src=\"https:\/\/www.flickr.com\/apps\/slideshow\/show.swf?v=143270\" flashvars=\"offsite=true&amp;lang=en-us&amp;page_show_url=%2Fphotos%2F125391306%40N03%2Fshow%2F&amp;page_show_back_url=%2Fphotos%2F125391306%40N03%2F&amp;user_id=125391306@N03&amp;jump_to=\" allowFullScreen=\"true\" allowfullscreen=\"true\" \/><\/object><br \/>\n&nbsp;<\/p>\n<h2>Publica\u00e7\u00f5es para divulga\u00e7\u00e3o<\/h2>\n<p><a title=\"Mini artigos (IPEA, Brasil)\" href=\"https:\/\/waterlat.org\/pt\/comunicacao-publica\/artigos\/\">S\u00e9rie de mini-artigos em Desafios do\u00a0Desenvolvimento (IPEA),\u00a0Brasil <\/a><\/p>\n<p><a title=\"Mini-artigos (Hydria, Argentina)\" href=\"https:\/\/waterlat.org\/pt\/comunicacao-publica\/mini-artigos-hydria-argentina\/\">S\u00e9rie de mini-artigos em Hydria, Argentina <\/a><\/p>\n<p><a title=\"Outras publica\u00e7\u00f5es\" href=\"https:\/\/waterlat.org\/pt\/comunicacao-publica\/outras-publicacoes\/\">Outras publica\u00e7\u00f5es<\/a><\/p>\n","protected":false},"excerpt":{"rendered":"<p>Esta se\u00e7\u00e3o \u00e9 dedicada a v\u00e1rias formas de divulga\u00e7\u00e3o e comunica\u00e7\u00e3o com o p\u00fablico, em v\u00e1rios idiomas. Inclui publica\u00e7\u00f5es para o publico geral, entrevistas com membros da rede WATERLAT-GOBACIT, v\u00eddeos de confer\u00eancias e reuni\u00f5es da rede e entrevistas com os participantes, entre outros temas. &nbsp; Uma amostra de nossos v\u00eddeos Entre aqu\u00ed na p\u00e1gina de [&hellip;]<\/p>\n","protected":false},"author":1,"featured_media":0,"parent":0,"menu_order":0,"comment_status":"closed","ping_status":"open","template":"page-templates\/full-width.php","meta":{"_acf_changed":false,"footnotes":""},"class_list":["post-8","page","type-page","status-publish","hentry","wpautop"],"acf":[],"_links":{"self":[{"href":"https:\/\/waterlat.org\/pt\/wp-json\/wp\/v2\/pages\/8","targetHints":{"allow":["GET"]}}],"collection":[{"href":"https:\/\/waterlat.org\/pt\/wp-json\/wp\/v2\/pages"}],"about":[{"href":"https:\/\/waterlat.org\/pt\/wp-json\/wp\/v2\/types\/page"}],"author":[{"embeddable":true,"href":"https:\/\/waterlat.org\/pt\/wp-json\/wp\/v2\/users\/1"}],"replies":[{"embeddable":true,"href":"https:\/\/waterlat.org\/pt\/wp-json\/wp\/v2\/comments?post=8"}],"version-history":[{"count":12,"href":"https:\/\/waterlat.org\/pt\/wp-json\/wp\/v2\/pages\/8\/revisions"}],"predecessor-version":[{"id":2070,"href":"https:\/\/waterlat.org\/pt\/wp-json\/wp\/v2\/pages\/8\/revisions\/2070"}],"wp:attachment":[{"href":"https:\/\/waterlat.org\/pt\/wp-json\/wp\/v2\/media?parent=8"}],"curies":[{"name":"wp","href":"https:\/\/api.w.org\/{rel}","templated":true}]}}