{"id":829,"date":"2014-04-07T14:37:16","date_gmt":"2014-04-07T14:37:16","guid":{"rendered":"http:\/\/waterlat.org\/pt\/?page_id=829"},"modified":"2014-11-30T21:09:29","modified_gmt":"2014-11-30T21:09:29","slug":"urbanrain","status":"publish","type":"page","link":"https:\/\/waterlat.org\/pt\/projetos\/urbanrain\/","title":{"rendered":"UrbanRain"},"content":{"rendered":"<h2>Capta\u00e7\u00e3o urbana de \u00e1guas pluviais, de experi\u00eancias focais a implementa\u00e7\u00e3o generalizada: desafios e oportunidades para o planejamento (UrbanRain)<\/h2>\n<p>&nbsp;<\/p>\n<p><a href=\"http:\/\/waterlat.org\/wp-content\/uploads\/2014\/11\/logo-UR.jpg\"><img loading=\"lazy\" decoding=\"async\" class=\"alignright  wp-image-1778\" src=\"http:\/\/waterlat.org\/wp-content\/uploads\/2014\/11\/logo-UR-300x219.jpg\" alt=\"logo-UR\" width=\"193\" height=\"141\" \/><\/a><\/p>\n<h3>Visite a <a href=\"http:\/\/www.urbanrain.se\">o site de UrbanRain<\/a><\/h3>\n<h3>Descri\u00e7\u00e3o do projeto e perguntas de pesquisa<\/h3>\n<p>Alcan\u00e7ar a sustentabilidade nas pol\u00edticas p\u00fablicas urbanas de \u00e1gua apresenta um grande desafio devido a uma variedade de fatores e causas que incluem a competi\u00e7\u00e3o na demanda por recursos h\u00eddricos existentes para distintos usos, a variabilidade espacial e temporal das precipita\u00e7\u00f5es pluviais que est\u00e1 sendo exacerbada pelas mudan\u00e7as clim\u00e1ticas, a contamina\u00e7\u00e3o de fontes de \u00e1gua, ou os complexos problemas que apresenta o tratamento e a descarga das \u00e1guas residuais. Esta situa\u00e7\u00e3o \u00e9 mais aguda nos pa\u00edses menos desenvolvidos. Se estima que a popula\u00e7\u00e3o urbana ser\u00e1 de 6300 milh\u00f5es de pessoas, aproximadamente 67 por cento da popula\u00e7\u00e3o mundial, para o ano 2050 e que este crescimento ser\u00e1 principalmente no Sul Global. Este crescimento ter\u00e1 um impacto significativo sobre os recursos h\u00eddricos e exercer\u00e1 uma press\u00e3o maior ainda sobre as atividades de planifica\u00e7\u00e3o e gest\u00e3o da \u00e1gua em zonas urbanas. UrbanRain examina a Capta\u00e7\u00e3o de \u00c1guas Pluviais (CAP) como uma ferramenta complementar para apoiar as atividades de planifica\u00e7\u00e3o e gest\u00e3o da \u00e1gua em zonas urbanas.<\/p>\n<p><span style=\"text-decoration: underline;\">Galeria de fotos do projeto<\/span><\/p>\n<p><object width=\"634\" height=\"476\"><param name=\"flashvars\" value=\"offsite=true&amp;lang=en-us&amp;page_show_url=%2Fphotos%2F125391306%40N03%2Fsets%2F72157649549376685%2Fshow%2F&amp;page_show_back_url=%2Fphotos%2F125391306%40N03%2Fsets%2F72157649549376685%2F&amp;set_id=72157649549376685&amp;jump_to=\" \/><param name=\"movie\" value=\"https:\/\/www.flickr.com\/apps\/slideshow\/show.swf?v=1811922554\" \/><param name=\"allowFullScreen\" value=\"true\" \/><embed type=\"application\/x-shockwave-flash\" src=\"https:\/\/www.flickr.com\/apps\/slideshow\/show.swf?v=1811922554\" allowfullscreen=\"allowfullscreen\" flashvars=\"offsite=true&amp;lang=en-us&amp;page_show_url=%2Fphotos%2F125391306%40N03%2Fsets%2F72157649549376685%2Fshow%2F&amp;page_show_back_url=%2Fphotos%2F125391306%40N03%2Fsets%2F72157649549376685%2F&amp;set_id=72157649549376685&amp;jump_to=\" width=\"634\" height=\"476\" \/><\/object><\/p>\n<p>O projeto se centra nas oportunidades e desafios envoltos na planifica\u00e7\u00e3o orientada a promover um salto de escala e a expans\u00e3o do uso dos sistemas de CAP como instrumentos s\u00f3cio-t\u00e9cnicos para aprimorar a sustentabilidade da gest\u00e3o da \u00e1gua em \u00e1reas urbanas da Europa, embora esperamos que as li\u00e7\u00f5es e recomenda\u00e7\u00f5es obtidas tenham um impacto mais amplo. Crescentemente os sistemas de CAP s\u00e3o utilizados numa variedade de fun\u00e7\u00f5es urbanas, desde a provis\u00e3o de fontes de \u00e1gua alternativas e para economizar \u00e1gua at\u00e9 o controle de cheias, a recarga de aqu\u00edferos e o reverdecimento de \u00e1reas residenciais. Esta expans\u00e3o dos usos dos sistemas de CAP est\u00e1 acontecendo a diferentes escalas, desde grupos localizados de moradias at\u00e9 grandes reservat\u00f3rios subterr\u00e2neos e redes interconectadas. A transi\u00e7\u00e3o da CAP na Europa desde projetos pilotos isolados, de pequena escala (nichos socio-t\u00e9cnicos) a aplica\u00e7\u00f5es mais estendidas, interconectadas e, em parte, de grande escala, planteia um n\u00famero de quest\u00f5es pertinentes as atividades de planifica\u00e7\u00e3o e elabora\u00e7\u00e3o de pol\u00edticas p\u00fablicas que n\u00e3o tinham grandes aplica\u00e7\u00f5es na medida em que a CAP se restringia a um pequeno n\u00famero de pioneiros entusiastas que trabalhavam em grupos fechados ou em contextos isolados. UrbanRain examina as experi\u00eancias com os sistemas de CAP em tr\u00eas cidades europeias: Barcelona, Berlim e Estocolmo.<\/p>\n<p>&nbsp;<\/p>\n<h4>Perguntas de pesquisa<\/h4>\n<p>UrbanRain \u00e9 um projeto interdisciplinar que integra a planificadores urbanos, ge\u00f3grafos, hidr\u00f3logos e soci\u00f3logos. Nosso marco conceptual se deriva de teorias da Planifica\u00e7\u00e3o, Ecologia Pol\u00edtica Urbana, Governabilidade Polic\u00e9ntrica, e Bens P\u00fablicos. O projeto se prop\u00f5e responder um n\u00famero de preguntas iniciais que est\u00e3o conectadas com objetivos espec\u00edficos. Um interesse central do projeto tem que ver com o papel da planifica\u00e7\u00e3o no reordenamento das rela\u00e7\u00f5es socio-t\u00e9cnicas que envolvem e\/o afetam a um n\u00famero e uma variedade crescentes de atores sociais com rela\u00e7\u00e3o ao crescimento e expans\u00e3o do uso de sistemas de CAP urbanos. Nossas perguntas preliminares s\u00e3o:<\/p>\n<p>a) \u00bfQuais papeis, responsabilidades, obriga\u00e7\u00f5es, institui\u00e7\u00f5es e pr\u00e1ticas\u00a0devem ser renegociadas na planifica\u00e7\u00e3o e na implementa\u00e7\u00e3o de sistemas de CAP urbanos de maior escala e extens\u00e3o?<br \/>\nb) \u00bfQuais s\u00e3o os fatores cruciais com rela\u00e7\u00e3o a conectividade (e as tens\u00f5es) entre a planifica\u00e7\u00e3o urbana e paisag\u00edstica, a planifica\u00e7\u00e3o da gest\u00e3o da agua e a planifica\u00e7\u00e3o da infraestrutura?<br \/>\nc) \u00bfQuais deveriam ser os papeis das autoridades p\u00fablicas em todos os n\u00edveis no governo das transi\u00e7\u00f5es dirigidas a implementar sistemas de CAP de maior escala e extens\u00e3o por meio da planifica\u00e7\u00e3o integrada?<br \/>\nd) \u00bfQuais valores sociais e culturais podem ser identificados e qual e a sua import\u00e2ncia no desenho de solu\u00e7\u00f5es s\u00f3cio-t\u00e9cnicas inovadoras para a implementa\u00e7\u00e3o de sistemas de CAP urbanos de maior escala e extens\u00e3o?<br \/>\ne) \u00bfQuais mecanismos poderiam melhorar e facilitar o exerc\u00edcio da cidadania ativa na planifica\u00e7\u00e3o e na implementa\u00e7\u00e3o, fortalecendo a presta\u00e7\u00e3o de contas, a legitimidade, a abertura, a transpar\u00eancia e a inclus\u00e3o na dissemina\u00e7\u00e3o mais ampla de sistemas de CAP urbanos?<br \/>\nf) \u00bfQuais s\u00e3o os custos e benef\u00edcios materiais de usos mais amplos de sistemas de CAP urbanos? \u00bfQuem paga e quem se beneficia? \u00bfComo podemos garantir a igualdade e a justi\u00e7a na distribui\u00e7\u00e3o dos custos e benef\u00edcios?<\/p>\n<p>UrbanRain ter\u00e1 uma dura\u00e7\u00e3o de 3 anos (2014-2017). O projeto \u00e9 o produto da colabora\u00e7\u00e3o de longo prazo entre os parceiros no marco da Rede de pesquisa WATERLAT-GOBACIT, \u00c1rea Tem\u00e1tica 3, O Ciclo Urbano da \u00c1gua e os Servi\u00e7os P\u00fablicos Essenciais.<\/p>\n<p>&nbsp;<\/p>\n<p>UrbanRain \u00e9 um projeto financiado pelo <a href=\"http:\/\/www.formas.se\/en\/\">Conselho de Pesquisa Formas<\/a>, da Su\u00e9cia<\/p>\n","protected":false},"excerpt":{"rendered":"<p>Capta\u00e7\u00e3o urbana de \u00e1guas pluviais, de experi\u00eancias focais a implementa\u00e7\u00e3o generalizada: desafios e oportunidades para o planejamento (UrbanRain) &nbsp; Visite a o site de UrbanRain Descri\u00e7\u00e3o do projeto e perguntas de pesquisa Alcan\u00e7ar a sustentabilidade nas pol\u00edticas p\u00fablicas urbanas de \u00e1gua apresenta um grande desafio devido a uma variedade de fatores e causas que incluem [&hellip;]<\/p>\n","protected":false},"author":3,"featured_media":0,"parent":6,"menu_order":0,"comment_status":"closed","ping_status":"closed","template":"page-templates\/full-width.php","meta":{"_acf_changed":false,"footnotes":""},"class_list":["post-829","page","type-page","status-publish","hentry","wpautop"],"acf":[],"_links":{"self":[{"href":"https:\/\/waterlat.org\/pt\/wp-json\/wp\/v2\/pages\/829","targetHints":{"allow":["GET"]}}],"collection":[{"href":"https:\/\/waterlat.org\/pt\/wp-json\/wp\/v2\/pages"}],"about":[{"href":"https:\/\/waterlat.org\/pt\/wp-json\/wp\/v2\/types\/page"}],"author":[{"embeddable":true,"href":"https:\/\/waterlat.org\/pt\/wp-json\/wp\/v2\/users\/3"}],"replies":[{"embeddable":true,"href":"https:\/\/waterlat.org\/pt\/wp-json\/wp\/v2\/comments?post=829"}],"version-history":[{"count":19,"href":"https:\/\/waterlat.org\/pt\/wp-json\/wp\/v2\/pages\/829\/revisions"}],"predecessor-version":[{"id":1163,"href":"https:\/\/waterlat.org\/pt\/wp-json\/wp\/v2\/pages\/829\/revisions\/1163"}],"up":[{"embeddable":true,"href":"https:\/\/waterlat.org\/pt\/wp-json\/wp\/v2\/pages\/6"}],"wp:attachment":[{"href":"https:\/\/waterlat.org\/pt\/wp-json\/wp\/v2\/media?parent=829"}],"curies":[{"name":"wp","href":"https:\/\/api.w.org\/{rel}","templated":true}]}}