{"id":846,"date":"2014-03-19T00:00:41","date_gmt":"2014-03-19T00:00:41","guid":{"rendered":"http:\/\/waterlat.org\/pt\/?page_id=846"},"modified":"2023-05-06T19:53:16","modified_gmt":"2023-05-06T19:53:16","slug":"waterlat-2009","status":"publish","type":"page","link":"https:\/\/waterlat.org\/pt\/encontros\/encontros-abertos\/waterlat-2009\/","title":{"rendered":"WATERLAT I, Barcelona, 2009"},"content":{"rendered":"<h2>Primeiro Encontro Internacional: \u201cA Ecologia Pol\u00edtica da \u00c1gua na Am\u00e9rica Latina: Definindo uma Estrat\u00e9gia de Investiga\u00e7\u00e3o\u201d<\/h2>\n<p>Ag\u00eancia Catal\u00e3 da Agua, Barcelona, 14-16 October 2009<\/p>\n<p>Galeria de fotos do evento:<br \/>\n<a data-flickr-embed=\"true\" href=\"https:\/\/www.flickr.com\/photos\/125391306@N03\/albums\/72157645457950284\" title=\"2009 Reuni\u00f3n Anual \/ Annual Meeting\"><img loading=\"lazy\" decoding=\"async\" src=\"https:\/\/live.staticflickr.com\/3841\/14547729904_f9109c393e_z.jpg\" width=\"640\" height=\"480\" alt=\"2009 Reuni\u00f3n Anual \/ Annual Meeting\"\/><\/a><script async src=\"\/\/embedr.flickr.com\/assets\/client-code.js\" charset=\"utf-8\"><\/script><\/p>\n<h3><\/h3>\n<h3>Primeiro Dia \u2013 14 de outubro de 2009<\/h3>\n<p>8:00 \u2013 9:00 Recep\u00e7\u00e3o e registro dos participantes<\/p>\n<p>9:00 \u2013 9:15 Abertura<br \/>\nLic. Muntsa Niso Holgado, Diretora de Participa\u00e7\u00e3o e Negocia\u00e7\u00e3o Social da Ag\u00eancia Catal\u00e3 da Agua<\/p>\n<p>9:15 \u2013 9:30 Acolhida<\/p>\n<p>Prof. David Saur\u00ed, Instituto de Ci\u00eancia e Tecnologia Ambiental (ICTA),<br \/>\nUniversidade Aut\u00f4noma de Barcelona<\/p>\n<h4>A Rede WATERLAT Como Projeto Intelectual<\/h4>\n<p>Coordena\u00e7\u00e3o: Lic. Gustavo Ant\u00f3n, Instituto de Investiga\u00e7\u00e3o em Ci\u00eancias Sociais &#8220;Gino Germani,&#8221;<br \/>\nUniversidade de Buenos Aires, Argentina<\/p>\n<p>10:30 \u2013 10:50 &#8220;A ecologia pol\u00edtica da \u00e1gua que inspira nossa rede de investiga\u00e7\u00e3o&#8221;<br \/>\nProf. Jos\u00e9 Esteban Castro, Escola de Geografia, Ci\u00eancia Pol\u00edtica e Sociologia,<br \/>\nUniversidade de Newcastle, Reino Unido<\/p>\n<p>10:50 \u2013 11:20 &#8220;O ambiente e a p\u00f3s-pol\u00edtica&#8221;<br \/>\nProf. Erik Swyngedouw, Escola de Ambiente e Desenvolvimento (SED),<br \/>\nUniversidade de Manchester, Reino Unido<\/p>\n<p>11:40 \u2013 12:15 <strong>Mesa redonda com coment\u00e1rios complementares \u00e0s apresenta\u00e7\u00f5es<\/strong><\/p>\n<p>Prof. Bernard Barraqu\u00e9, AgroParisTech, Paris, Fran\u00e7a<\/p>\n<p>Dr. Carlos Crespo, Centro de Estudos Superiores Universit\u00e1rios (CESU),<br \/>\nUniversidade Maior de San Sim\u00f3n, Cochabamba, Bolivia<\/p>\n<p>Dr. Antonio Ioris, Centro de Aberdeen para a Sustentabilidade Ambiental,<br \/>\nUniversidade de Aberdeen e Instituto Macaulay, Aberdeen, Reino Unido<\/p>\n<p>Dr. Niurka P\u00e9rez, Departmento de Sociolog\u00eda, Universidade da Habana, Cuba<\/p>\n<p>Dr. Wagner Costa Ribeiro, Instituto de Estados Avan\u00e7ados, Universidade de S\u00e3o Paulo, Brasil<\/p>\n<p>12:15 \u2013 12:45 Discuss\u00e3o em plen\u00e1rio<\/p>\n<p>&nbsp;<\/p>\n<h4>A Rede WATERLAT Como Projeto Intelectual (continua\u00e7\u00e3o)<\/h4>\n<p>Coordena\u00e7\u00e3o:\u00a0Prof. L\u00e9o Heller, Escola de Engenharia, Universidade Federal de Minas Gerais, Brasil<\/p>\n<p>14:45 \u2013 15:15 &#8220;A rela\u00e7\u00e3o entre \u00e1gua e sa\u00fade ambiental&#8221;<br \/>\nProf. Dami\u00e0 Barcel\u00f3, Centro de Investiga\u00e7\u00e3o e Desenvolvimento, Barcelona<\/p>\n<p>15:15 \u2013 15:45 <strong>Mesa redonda com coment\u00e1rios complementares \u00e0s apresenta\u00e7\u00f5es<\/strong><\/p>\n<p>Prof. L\u00e9o Heller, Escola de Engenharia, Universidade Federal de Minas Gerais, Brasil<\/p>\n<p>Prof. Luiz Roberto Morais, Escola de Engenharia, Universidade Federal da Bahia, Brasil<\/p>\n<p>Dr. Mar\u00eda Luisa V\u00e1zquez, Cons\u00f3rcio de Hospitais da Catalunha, Barcelona<\/p>\n<p>15:45 \u2013 16:00 Discuss\u00e3o plen\u00e1ria<\/p>\n<p>&nbsp;<\/p>\n<p>&nbsp;<\/p>\n<h3>Segundo Dia \u2013 15 de outubro de 2009<\/h3>\n<h4>A Ecologia Pol\u00edtica da \u00c1gua em Perspectiva X-Disciplinar<\/h4>\n<p>Embora a rede tenha seus origens enraizados nas ci\u00eancias sociais, os problemas de pesquisa e de interven\u00e7\u00e3o pratica que nos ocupam requerem necessariamente a incorpora\u00e7\u00e3o tamb\u00e9m das ci\u00eancias naturais e as engenharias. Nesta sess\u00e3o discutimos as oportunidades e obst\u00e1culos que enfrentamos para romper as barreiras disciplinares e desenvolver culturas acad\u00eamicas X-disciplinares. Utilizamos o termo de \u201cX-disciplinaridade\u201d para sinalizar a necessidade de transcender o debate existente sobre os conceitos de cros, inter-, multi- (ou pluri), trans-, e p\u00f3s-disciplinaridade.<\/p>\n<p>Coordena\u00e7\u00e3o: Prof. Leandro del Moral, Universidade de Sevilha, Espanha<\/p>\n<p>14:50 \u2013 15:00 Introdu\u00e7\u00e3o<\/p>\n<p>15:00 \u2013 15:20 &#8220;Da mono- a p\u00f3s-disciplinaridade? Explorando o conceito de X-disciplinaridade&#8221;<br \/>\nProf. Jos\u00e9 Esteban Castro, Escola de Geografia, Ci\u00eancia Pol\u00edtica e Sociologia,<br \/>\nUniversidade de Newcastle, Reino Unido<\/p>\n<p>15:20 \u2013 16:45 <strong>Mesa redonda sobre a X-disciplinaridade na Rede WATERLAT<\/strong><\/p>\n<p>Dr Ana L\u00facia Britto, Universidade Federal de Rio de Janeiro, Brasil<\/p>\n<p>Prof. Jos\u00e9 Esteban Castro, Escola de Geografia, Ci\u00eancia Pol\u00edtica e Sociologia,<br \/>\nUniversidade de Newcastle, Reino Unido<\/p>\n<p>Prof. Juan Carlos Mar\u00edn, Instituto de Investiga\u00e7\u00e3o em Ci\u00eancias Sociais \u201cGino Germani\u201d,<br \/>\nUniversidade de Buenos Aires, Argentina<\/p>\n<p>Prof. Joan Mart\u00ednez Alier, Instituto de Ciencia e Tecnolog\u00eda Ambiental (ICTA), Universidad Aut\u00f3noma de Barcelona<\/p>\n<p>Prof. Erik Swyngedouw, Escola de Ambiente e Desenvolvimento (SED),<br \/>\nManchester Universidad de Manchester, Reino Unido<\/p>\n<p>17:15 \u2013 18:00 Discuss\u00e3o plen\u00e1ria<\/p>\n<p>18:00 \u2013 18:15 Encerramento<\/p>\n","protected":false},"excerpt":{"rendered":"<p>Primeiro Encontro Internacional: \u201cA Ecologia Pol\u00edtica da \u00c1gua na Am\u00e9rica Latina: Definindo uma Estrat\u00e9gia de Investiga\u00e7\u00e3o\u201d Ag\u00eancia Catal\u00e3 da Agua, Barcelona, 14-16 October 2009 Galeria de fotos do evento: Primeiro Dia \u2013 14 de outubro de 2009 8:00 \u2013 9:00 Recep\u00e7\u00e3o e registro dos participantes 9:00 \u2013 9:15 Abertura Lic. Muntsa Niso Holgado, Diretora de [&hellip;]<\/p>\n","protected":false},"author":3,"featured_media":0,"parent":19,"menu_order":0,"comment_status":"closed","ping_status":"closed","template":"page-templates\/full-width.php","meta":{"_acf_changed":false,"footnotes":""},"class_list":["post-846","page","type-page","status-publish","hentry","wpautop"],"acf":[],"_links":{"self":[{"href":"https:\/\/waterlat.org\/pt\/wp-json\/wp\/v2\/pages\/846","targetHints":{"allow":["GET"]}}],"collection":[{"href":"https:\/\/waterlat.org\/pt\/wp-json\/wp\/v2\/pages"}],"about":[{"href":"https:\/\/waterlat.org\/pt\/wp-json\/wp\/v2\/types\/page"}],"author":[{"embeddable":true,"href":"https:\/\/waterlat.org\/pt\/wp-json\/wp\/v2\/users\/3"}],"replies":[{"embeddable":true,"href":"https:\/\/waterlat.org\/pt\/wp-json\/wp\/v2\/comments?post=846"}],"version-history":[{"count":10,"href":"https:\/\/waterlat.org\/pt\/wp-json\/wp\/v2\/pages\/846\/revisions"}],"predecessor-version":[{"id":3666,"href":"https:\/\/waterlat.org\/pt\/wp-json\/wp\/v2\/pages\/846\/revisions\/3666"}],"up":[{"embeddable":true,"href":"https:\/\/waterlat.org\/pt\/wp-json\/wp\/v2\/pages\/19"}],"wp:attachment":[{"href":"https:\/\/waterlat.org\/pt\/wp-json\/wp\/v2\/media?parent=846"}],"curies":[{"name":"wp","href":"https:\/\/api.w.org\/{rel}","templated":true}]}}