{"id":903,"date":"2014-04-07T12:54:50","date_gmt":"2014-04-07T12:54:50","guid":{"rendered":"http:\/\/waterlat.org\/pt\/?page_id=903"},"modified":"2014-07-01T12:43:50","modified_gmt":"2014-07-01T12:43:50","slug":"prinwass","status":"publish","type":"page","link":"https:\/\/waterlat.org\/pt\/projetos\/prinwass\/","title":{"rendered":"PRINWASS"},"content":{"rendered":"<h2>Barreiras e condi\u00e7\u00f5es para a participa\u00e7\u00e3o da empresa e o capital privados nos servi\u00e7os de saneamento em Latino Am\u00e9rica e \u00c1frica: A procura da sustentabilidade econ\u00f4mica, social, e ambiental<\/h2>\n<p>PRINWASS foi um projeto internacional que examinou criticamente casos de privatiza\u00e7\u00e3o de servi\u00e7os de saneamento na Argentina, Bol\u00edvia, Brasil, Qu\u00eania, M\u00e9xico e Tanz\u00e2nia. Tamb\u00e9m incluiu casos da Finl\u00e2ndia, Gr\u00e9cia e o Reino Unido como compara\u00e7\u00e3o.<\/p>\n<p>Galeria de fotos dos encontros do projeto:<br \/>\n<object style=\"width: 607px; height: 417px;\" width=\"400\" height=\"300\" classid=\"clsid:d27cdb6e-ae6d-11cf-96b8-444553540000\" codebase=\"http:\/\/download.macromedia.com\/pub\/shockwave\/cabs\/flash\/swflash.cab#version=6,0,40,0\"><param name=\"flashvars\" value=\"offsite=true&amp;lang=en-us&amp;page_show_url=%2Fphotos%2F125391306%40N03%2Fsets%2F72157645046774607%2Fshow%2F&amp;page_show_back_url=%2Fphotos%2F125391306%40N03%2Fsets%2F72157645046774607%2F&amp;set_id=72157645046774607&amp;jump_to=\" \/><param name=\"allowFullScreen\" value=\"true\" \/><param name=\"src\" value=\"https:\/\/www.flickr.com\/apps\/slideshow\/show.swf?v=143270\" \/><param name=\"allowfullscreen\" value=\"true\" \/><embed style=\"width: 607px; height: 417px;\" width=\"400\" height=\"300\" type=\"application\/x-shockwave-flash\" src=\"https:\/\/www.flickr.com\/apps\/slideshow\/show.swf?v=143270\" flashvars=\"offsite=true&amp;lang=en-us&amp;page_show_url=%2Fphotos%2F125391306%40N03%2Fsets%2F72157645046774607%2Fshow%2F&amp;page_show_back_url=%2Fphotos%2F125391306%40N03%2Fsets%2F72157645046774607%2F&amp;set_id=72157645046774607&amp;jump_to=\" allowFullScreen=\"true\" allowfullscreen=\"true\" \/><\/object><\/p>\n<p>Ap\u00f3s finalizado o projeto, um grupo de <a href=\"http:\/\/www.prinwass.org\/partners.shtml\">Membros<\/a> e <a href=\"http:\/\/www.prinwass.org\/associated_institutions.shtml\">Associados<\/a> de PRINWASS criaram a rede de pesquisas <a href=\"http:\/\/www.gobacit.org\">GOBACIT<\/a> e pouco despois sua rama latino-americana, WATERLAT.<\/p>\n<p>Confira aqui os <a href=\"http:\/\/www.prinwass.org\/documents.shtml\">Relat\u00f3rios de Pesquisa<\/a> e algumas <a href=\"http:\/\/www.prinwass.org\/publications.shtml\">Publica\u00e7\u00f5es<\/a> derivadas do projeto (sai do sitio de Internet de WATERLAT)<\/p>\n<h2>Sobre o Projeto<\/h2>\n<p>PRINWASS teve uma dura\u00e7\u00e3o de 3 anos (2001-2004) e foi financiado pela Comiss\u00e3o Europeia dentro do Quinto Programa Marco 1998-2002, em contribui\u00e7\u00e3o a implementa\u00e7\u00e3o do Programa Horizontal Confirmando o Rol Internacional da Pesquisa Comunit\u00e1ria INCO2 Pesquisa para o Desenvolvimento, Contrato: ICA4-CT-2001-10041.<\/p>\n<p>Visite o <a href=\"http:\/\/www.prinwass.org\">site de Internet de PRINWASS<\/a> para maior informa\u00e7\u00e3o (sai do sitio de Internet de WATERLAT).<\/p>\n<p>&nbsp;<\/p>\n","protected":false},"excerpt":{"rendered":"<p>Barreiras e condi\u00e7\u00f5es para a participa\u00e7\u00e3o da empresa e o capital privados nos servi\u00e7os de saneamento em Latino Am\u00e9rica e \u00c1frica: A procura da sustentabilidade econ\u00f4mica, social, e ambiental PRINWASS foi um projeto internacional que examinou criticamente casos de privatiza\u00e7\u00e3o de servi\u00e7os de saneamento na Argentina, Bol\u00edvia, Brasil, Qu\u00eania, M\u00e9xico e Tanz\u00e2nia. Tamb\u00e9m incluiu casos [&hellip;]<\/p>\n","protected":false},"author":3,"featured_media":0,"parent":6,"menu_order":0,"comment_status":"closed","ping_status":"closed","template":"page-templates\/full-width.php","meta":{"_acf_changed":false,"footnotes":""},"class_list":["post-903","page","type-page","status-publish","hentry","wpautop"],"acf":[],"_links":{"self":[{"href":"https:\/\/waterlat.org\/pt\/wp-json\/wp\/v2\/pages\/903","targetHints":{"allow":["GET"]}}],"collection":[{"href":"https:\/\/waterlat.org\/pt\/wp-json\/wp\/v2\/pages"}],"about":[{"href":"https:\/\/waterlat.org\/pt\/wp-json\/wp\/v2\/types\/page"}],"author":[{"embeddable":true,"href":"https:\/\/waterlat.org\/pt\/wp-json\/wp\/v2\/users\/3"}],"replies":[{"embeddable":true,"href":"https:\/\/waterlat.org\/pt\/wp-json\/wp\/v2\/comments?post=903"}],"version-history":[{"count":3,"href":"https:\/\/waterlat.org\/pt\/wp-json\/wp\/v2\/pages\/903\/revisions"}],"predecessor-version":[{"id":1038,"href":"https:\/\/waterlat.org\/pt\/wp-json\/wp\/v2\/pages\/903\/revisions\/1038"}],"up":[{"embeddable":true,"href":"https:\/\/waterlat.org\/pt\/wp-json\/wp\/v2\/pages\/6"}],"wp:attachment":[{"href":"https:\/\/waterlat.org\/pt\/wp-json\/wp\/v2\/media?parent=903"}],"curies":[{"name":"wp","href":"https:\/\/api.w.org\/{rel}","templated":true}]}}